{"id":107,"date":"2023-01-19T23:38:55","date_gmt":"2023-01-19T22:38:55","guid":{"rendered":"https:\/\/ganuchaud.fr\/grenier\/?page_id=107"},"modified":"2023-01-24T22:27:24","modified_gmt":"2023-01-24T21:27:24","slug":"politique","status":"publish","type":"page","link":"https:\/\/www.ganuchaud.fr\/grenier\/politique\/","title":{"rendered":"La carri\u00e8re politique de Georges Ganuchaud"},"content":{"rendered":"\n<figure class=\"wp-block-image size-large\"><img loading=\"lazy\" decoding=\"async\" width=\"649\" height=\"865\" src=\"https:\/\/ganuchaud.fr\/grenier\/wp-content\/uploads\/2023\/01\/GanuchaudGeorges-edited.jpg\" alt=\"\" class=\"wp-image-109\" srcset=\"https:\/\/www.ganuchaud.fr\/grenier\/wp-content\/uploads\/2023\/01\/GanuchaudGeorges-edited.jpg 649w, https:\/\/www.ganuchaud.fr\/grenier\/wp-content\/uploads\/2023\/01\/GanuchaudGeorges-edited-225x300.jpg 225w\" sizes=\"auto, (max-width: 649px) 100vw, 649px\" \/><figcaption class=\"wp-element-caption\">Georges Ganuchaud en tenue de juge au Tribunal de Commerce de Nantes<\/figcaption><\/figure>\n\n\n\n<h2 class=\"alignwide wp-block-heading\">Un dimanche avec le Comit\u00e9 d\u2019Aviation de Nantes<\/h2>\n\n\n\n<p>Photo prise le 11 juin 1911 lors d\u2019une r\u00e9union du Comit\u00e9 d\u2019Aviation de Nantes au <a rel=\"noreferrer noopener\" href=\"https:\/\/fr.wikipedia.org\/wiki\/Ch%C3%A2teau_de_Briord\" target=\"_blank\">Ch\u00e2teau de Briord<\/a> \u00e0 Port-Saint-P\u00e8re, propri\u00e9t\u00e9 de Jean-Baptiste \u00c9tienne.<\/p>\n\n\n\n<p>J.-B. \u00c9tienne, conseiller municipal de Nantes, apparent\u00e9 aux <a href=\"https:\/\/fr.wikipedia.org\/wiki\/Famille_Voruz\">Voruz<\/a>, \u00e9tait P.D.G. de la raffinerie Say. Sur le perron du ch\u00e2teau, il est entour\u00e9 d\u2019autres membres du conseil municipal, dont Georges Ganuchaud p\u00e8re et son fils qui l\u2019avait conduit l\u00e0 en automobile.<\/p>\n\n\n\n<figure class=\"wp-block-image alignwide size-full is-style-rounded\"><img loading=\"lazy\" decoding=\"async\" width=\"2560\" height=\"1920\" src=\"https:\/\/ganuchaud.fr\/grenier\/wp-content\/uploads\/2023\/01\/IMG20221223171014-1-scaled.jpg\" alt=\"\" class=\"wp-image-165\" srcset=\"https:\/\/www.ganuchaud.fr\/grenier\/wp-content\/uploads\/2023\/01\/IMG20221223171014-1-scaled.jpg 2560w, https:\/\/www.ganuchaud.fr\/grenier\/wp-content\/uploads\/2023\/01\/IMG20221223171014-1-300x225.jpg 300w, https:\/\/www.ganuchaud.fr\/grenier\/wp-content\/uploads\/2023\/01\/IMG20221223171014-1-1024x768.jpg 1024w, https:\/\/www.ganuchaud.fr\/grenier\/wp-content\/uploads\/2023\/01\/IMG20221223171014-1-768x576.jpg 768w, https:\/\/www.ganuchaud.fr\/grenier\/wp-content\/uploads\/2023\/01\/IMG20221223171014-1-1536x1152.jpg 1536w, https:\/\/www.ganuchaud.fr\/grenier\/wp-content\/uploads\/2023\/01\/IMG20221223171014-1-2048x1536.jpg 2048w, https:\/\/www.ganuchaud.fr\/grenier\/wp-content\/uploads\/2023\/01\/IMG20221223171014-1-1200x900.jpg 1200w, https:\/\/www.ganuchaud.fr\/grenier\/wp-content\/uploads\/2023\/01\/IMG20221223171014-1-1980x1485.jpg 1980w\" sizes=\"auto, (max-width: 2560px) 100vw, 2560px\" \/><figcaption class=\"wp-element-caption\">De gauche \u00e0 droite, indiqu\u00e9s par les traits noirs, Georges Ganuchaud fils, Georges Ganuchaud p\u00e8re, et Jean-Baptiste \u00c9tienne<\/figcaption><\/figure>\n","protected":false},"excerpt":{"rendered":"<p>Un dimanche avec le Comit\u00e9 d\u2019Aviation de Nantes Photo prise le 11 juin 1911 lors d\u2019une r\u00e9union du Comit\u00e9 d\u2019Aviation de Nantes au Ch\u00e2teau de Briord \u00e0 Port-Saint-P\u00e8re, propri\u00e9t\u00e9 de Jean-Baptiste \u00c9tienne. J.-B. \u00c9tienne, conseiller municipal de Nantes, apparent\u00e9 aux Voruz, \u00e9tait P.D.G. de la raffinerie Say. Sur le perron du ch\u00e2teau, il est entour\u00e9 [&hellip;]<\/p>\n","protected":false},"author":1,"featured_media":0,"parent":0,"menu_order":0,"comment_status":"closed","ping_status":"closed","template":"","meta":{"footnotes":""},"class_list":["post-107","page","type-page","status-publish","hentry"],"_links":{"self":[{"href":"https:\/\/www.ganuchaud.fr\/grenier\/wp-json\/wp\/v2\/pages\/107","targetHints":{"allow":["GET"]}}],"collection":[{"href":"https:\/\/www.ganuchaud.fr\/grenier\/wp-json\/wp\/v2\/pages"}],"about":[{"href":"https:\/\/www.ganuchaud.fr\/grenier\/wp-json\/wp\/v2\/types\/page"}],"author":[{"embeddable":true,"href":"https:\/\/www.ganuchaud.fr\/grenier\/wp-json\/wp\/v2\/users\/1"}],"replies":[{"embeddable":true,"href":"https:\/\/www.ganuchaud.fr\/grenier\/wp-json\/wp\/v2\/comments?post=107"}],"version-history":[{"count":3,"href":"https:\/\/www.ganuchaud.fr\/grenier\/wp-json\/wp\/v2\/pages\/107\/revisions"}],"predecessor-version":[{"id":166,"href":"https:\/\/www.ganuchaud.fr\/grenier\/wp-json\/wp\/v2\/pages\/107\/revisions\/166"}],"wp:attachment":[{"href":"https:\/\/www.ganuchaud.fr\/grenier\/wp-json\/wp\/v2\/media?parent=107"}],"curies":[{"name":"wp","href":"https:\/\/api.w.org\/{rel}","templated":true}]}}