{"id":115,"date":"2023-01-19T23:47:13","date_gmt":"2023-01-19T22:47:13","guid":{"rendered":"https:\/\/ganuchaud.fr\/grenier\/?page_id=115"},"modified":"2024-04-01T23:36:53","modified_gmt":"2024-04-01T21:36:53","slug":"saintmars","status":"publish","type":"page","link":"https:\/\/www.ganuchaud.fr\/grenier\/saintmars\/","title":{"rendered":"Les cousins de Saint-Mars"},"content":{"rendered":"\n<h2 class=\"wp-block-heading\">Une dynastie de maires au nord de Nantes<\/h2>\n\n\n\n<p>Pierre-\u00c9tienne Ganuchaud (1795-1867), maire de Carquefou de xxx \u00e0 xxx et p\u00e8re de Pierre Ganuchaud, a <a href=\"\/grenier\/genealogie\">d\u00e9j\u00e0 \u00e9t\u00e9 \u00e9voqu\u00e9<\/a>. Son fr\u00e8re a\u00een\u00e9, Jean, a pr\u00e9f\u00e9rer s\u2019aventurer plus au nord.<\/p>\n\n\n\n<p><strong>Jean Ganuchaud<\/strong> est n\u00e9 le 18 avril 1788 \u00e0 Carquefou. Il est rest\u00e9 dans sa commune natale pour y fonder une famille avec son \u00e9pouse Jeanne Boil\u00e8ve, elle-m\u00eame carquefolienne. Ils se marient le 11 novembre 1812 et donne naissance \u00e0 Jeanne en 1815. Au d\u00e9but de la Restauration, la famille quitte Carquefou  pour s\u2019installer \u00e0 Saint-Mars du D\u00e9sert o\u00f9 Jean demeure cultivateur. Deux fils vont y na\u00eetre : Jean-Baptiste en 1818 puis \u00c9tienne en 1818.<\/p>\n\n\n\n<p>C\u2019est curieusement le cadet, \u00c9tienne, qui va poursuivre le labour des champs de son p\u00e8re. Jean-Baptiste va, quant \u00e0 lui, cesser de travailler la terre pour plut\u00f4t la compter et la r\u00e9f\u00e9rencer : il devient notaire et \u00e9tablit son office \u00e0 Nort. La famille Ganuchaud va prendre go\u00fbt au notariat puisque les deux fils d\u2019\u00c9tienne (\u00c9tienne et Jean) vont \u00e9galement devenir notaire \u00e0 la suite de leur oncle.<\/p>\n\n\n\n<p>Difficile dans cette profusion de notaires Ganuchaud de savoir lequel est ma\u00eetre Ganuchaud, officiant \u00e0 la Chapelle-sur-Erdre entre 1879 et 1895. Ce qui est certain, c\u2019est que ce dernier va \u00eatre le notaire attitr\u00e9 de ses cousins issus de germain de  la branche Pierre-\u00c9tienne Ganuchaud (on trouve dans ses papiers des r\u00e9f\u00e9rences \u00e0 Pitre, Georges ou m\u00eame \u00e0 Clair pourtant exil\u00e9 au sud de la Loire au Loroux-Bottereau).<\/p>\n","protected":false},"excerpt":{"rendered":"<p>Une dynastie de maires au nord de Nantes Pierre-\u00c9tienne Ganuchaud (1795-1867), maire de Carquefou de xxx \u00e0 xxx et p\u00e8re de Pierre Ganuchaud, a d\u00e9j\u00e0 \u00e9t\u00e9 \u00e9voqu\u00e9. Son fr\u00e8re a\u00een\u00e9, Jean, a pr\u00e9f\u00e9rer s\u2019aventurer plus au nord. Jean Ganuchaud est n\u00e9 le 18 avril 1788 \u00e0 Carquefou. Il est rest\u00e9 dans sa commune natale pour [&hellip;]<\/p>\n","protected":false},"author":1,"featured_media":0,"parent":0,"menu_order":0,"comment_status":"closed","ping_status":"closed","template":"","meta":{"footnotes":""},"class_list":["post-115","page","type-page","status-publish","hentry"],"_links":{"self":[{"href":"https:\/\/www.ganuchaud.fr\/grenier\/wp-json\/wp\/v2\/pages\/115","targetHints":{"allow":["GET"]}}],"collection":[{"href":"https:\/\/www.ganuchaud.fr\/grenier\/wp-json\/wp\/v2\/pages"}],"about":[{"href":"https:\/\/www.ganuchaud.fr\/grenier\/wp-json\/wp\/v2\/types\/page"}],"author":[{"embeddable":true,"href":"https:\/\/www.ganuchaud.fr\/grenier\/wp-json\/wp\/v2\/users\/1"}],"replies":[{"embeddable":true,"href":"https:\/\/www.ganuchaud.fr\/grenier\/wp-json\/wp\/v2\/comments?post=115"}],"version-history":[{"count":3,"href":"https:\/\/www.ganuchaud.fr\/grenier\/wp-json\/wp\/v2\/pages\/115\/revisions"}],"predecessor-version":[{"id":297,"href":"https:\/\/www.ganuchaud.fr\/grenier\/wp-json\/wp\/v2\/pages\/115\/revisions\/297"}],"wp:attachment":[{"href":"https:\/\/www.ganuchaud.fr\/grenier\/wp-json\/wp\/v2\/media?parent=115"}],"curies":[{"name":"wp","href":"https:\/\/api.w.org\/{rel}","templated":true}]}}