{"id":6,"date":"2023-01-17T20:45:37","date_gmt":"2023-01-17T19:45:37","guid":{"rendered":"http:\/\/ganuchaud.fr\/grenier\/?page_id=6"},"modified":"2023-01-22T23:15:52","modified_gmt":"2023-01-22T22:15:52","slug":"le-nouveau-e-mucem-ouvre-ses-portes-2","status":"publish","type":"page","link":"https:\/\/www.ganuchaud.fr\/grenier\/","title":{"rendered":"Bienvenue dans le grenier Ganuchaud"},"content":{"rendered":"\n<div class=\"wp-block-group alignwide\"><div class=\"wp-block-group__inner-container is-layout-flow wp-block-group-is-layout-flow\">\n<h2 class=\"has-text-align-center wp-block-heading\">En 1845, Pierre Ganuchaud ouvre la Premi\u00e8re Maison \u00e0 Nantes.<\/h2>\n<\/div><\/div>\n\n\n\n<div class=\"wp-block-columns alignwide is-layout-flex wp-container-core-columns-is-layout-9d6595d7 wp-block-columns-is-layout-flex\">\n<div class=\"wp-block-column is-layout-flow wp-block-column-is-layout-flow\">\n<div class=\"wp-block-group\"><div class=\"wp-block-group__inner-container is-layout-flow wp-block-group-is-layout-flow\">\n<figure class=\"wp-block-image alignfull size-full is-style-default\"><img loading=\"lazy\" decoding=\"async\" width=\"1000\" height=\"625\" src=\"https:\/\/ganuchaud.fr\/grenier\/wp-content\/uploads\/2023\/01\/LaPremiereMaison1-edited.jpg\" alt=\"\" class=\"wp-image-73\" srcset=\"https:\/\/www.ganuchaud.fr\/grenier\/wp-content\/uploads\/2023\/01\/LaPremiereMaison1-edited.jpg 1000w, https:\/\/www.ganuchaud.fr\/grenier\/wp-content\/uploads\/2023\/01\/LaPremiereMaison1-edited-300x188.jpg 300w, https:\/\/www.ganuchaud.fr\/grenier\/wp-content\/uploads\/2023\/01\/LaPremiereMaison1-edited-768x480.jpg 768w\" sizes=\"auto, (max-width: 1000px) 100vw, 1000px\" \/><\/figure>\n\n\n\n<h3 class=\"wp-block-heading\">Le magasin Ganuchaud<\/h3>\n\n\n\n<p>De 1845 \u00e0 la crise des ann\u00e9es 1930<\/p>\n\n\n\n<div class=\"wp-block-button is-style-outline is-style-outline--1\"><a class=\"wp-block-button__link wp-element-button\" href=\"\/grenier\/magasin\">Lire la suite<\/a><\/div>\n<\/div><\/div>\n\n\n\n<div class=\"wp-block-group\"><div class=\"wp-block-group__inner-container is-layout-flow wp-block-group-is-layout-flow\">\n<figure class=\"wp-block-image alignfull size-large\"><img loading=\"lazy\" decoding=\"async\" width=\"1000\" height=\"625\" src=\"https:\/\/ganuchaud.fr\/grenier\/wp-content\/uploads\/2023\/01\/quintette-edited.jpg\" alt=\"\" class=\"wp-image-151\" srcset=\"https:\/\/www.ganuchaud.fr\/grenier\/wp-content\/uploads\/2023\/01\/quintette-edited.jpg 1000w, https:\/\/www.ganuchaud.fr\/grenier\/wp-content\/uploads\/2023\/01\/quintette-edited-300x188.jpg 300w, https:\/\/www.ganuchaud.fr\/grenier\/wp-content\/uploads\/2023\/01\/quintette-edited-768x480.jpg 768w\" sizes=\"auto, (max-width: 1000px) 100vw, 1000px\" \/><\/figure>\n\n\n\n<h3 class=\"wp-block-heading\">La Schola et le Quintette<\/h3>\n\n\n\n<p>Les activit\u00e9s musicales de Georges Ganuchaud<\/p>\n\n\n\n<div class=\"wp-block-button is-style-outline is-style-outline--2\"><a class=\"wp-block-button__link wp-element-button\" href=\"\/grenier\/schola\">Lire la suite<\/a><\/div>\n<\/div><\/div>\n\n\n\n<div class=\"wp-block-group\"><div class=\"wp-block-group__inner-container is-layout-flow wp-block-group-is-layout-flow\">\n<figure class=\"wp-block-image alignfull size-large\"><img loading=\"lazy\" decoding=\"async\" width=\"1292\" height=\"808\" src=\"https:\/\/ganuchaud.fr\/grenier\/wp-content\/uploads\/2023\/01\/GanuchaudGeorgesII-magistrat-edited.jpg\" alt=\"\" class=\"wp-image-112\" srcset=\"https:\/\/www.ganuchaud.fr\/grenier\/wp-content\/uploads\/2023\/01\/GanuchaudGeorgesII-magistrat-edited.jpg 1292w, https:\/\/www.ganuchaud.fr\/grenier\/wp-content\/uploads\/2023\/01\/GanuchaudGeorgesII-magistrat-edited-300x188.jpg 300w, https:\/\/www.ganuchaud.fr\/grenier\/wp-content\/uploads\/2023\/01\/GanuchaudGeorgesII-magistrat-edited-1024x640.jpg 1024w, https:\/\/www.ganuchaud.fr\/grenier\/wp-content\/uploads\/2023\/01\/GanuchaudGeorgesII-magistrat-edited-768x480.jpg 768w, https:\/\/www.ganuchaud.fr\/grenier\/wp-content\/uploads\/2023\/01\/GanuchaudGeorgesII-magistrat-edited-1200x750.jpg 1200w\" sizes=\"auto, (max-width: 1292px) 100vw, 1292px\" \/><\/figure>\n\n\n\n<h3 class=\"wp-block-heading\">La carri\u00e8re politique de Georges<\/h3>\n\n\n\n<p>Les aventures de Georges contre Paul (Bellamy)<\/p>\n\n\n\n<div class=\"wp-block-button is-style-outline is-style-outline--3\"><a class=\"wp-block-button__link wp-element-button\" href=\"\/grenier\/politique\">Lire la suite<\/a><\/div>\n<\/div><\/div>\n<\/div>\n\n\n\n<div class=\"wp-block-column is-layout-flow wp-block-column-is-layout-flow\">\n<div class=\"wp-block-group\"><div class=\"wp-block-group__inner-container is-layout-flow wp-block-group-is-layout-flow\">\n<figure class=\"wp-block-image alignfull size-full\"><img loading=\"lazy\" decoding=\"async\" width=\"718\" height=\"449\" src=\"https:\/\/ganuchaud.fr\/grenier\/wp-content\/uploads\/2023\/01\/arbre-court-edited.jpg\" alt=\"\" class=\"wp-image-72\" srcset=\"https:\/\/www.ganuchaud.fr\/grenier\/wp-content\/uploads\/2023\/01\/arbre-court-edited.jpg 718w, https:\/\/www.ganuchaud.fr\/grenier\/wp-content\/uploads\/2023\/01\/arbre-court-edited-300x188.jpg 300w\" sizes=\"auto, (max-width: 718px) 100vw, 718px\" \/><\/figure>\n\n\n\n<h3 class=\"wp-block-heading\">La famille de Pierre<\/h3>\n\n\n\n<p>O\u00f9 l\u2019on \u00e9voque le Housseau et les cousins de Paris<\/p>\n\n\n\n<div class=\"wp-block-button is-style-outline is-style-outline--4\"><a class=\"wp-block-button__link wp-element-button\" href=\"\/grenier\/genealogie\">Lire la suite<\/a><\/div>\n<\/div><\/div>\n\n\n\n<div class=\"wp-block-group\"><div class=\"wp-block-group__inner-container is-layout-flow wp-block-group-is-layout-flow\">\n<figure class=\"wp-block-image alignfull size-full\"><img loading=\"lazy\" decoding=\"async\" width=\"800\" height=\"500\" src=\"https:\/\/ganuchaud.fr\/grenier\/wp-content\/uploads\/2023\/01\/saint-mars-du-desert-edited.jpg\" alt=\"\" class=\"wp-image-118\" srcset=\"https:\/\/www.ganuchaud.fr\/grenier\/wp-content\/uploads\/2023\/01\/saint-mars-du-desert-edited.jpg 800w, https:\/\/www.ganuchaud.fr\/grenier\/wp-content\/uploads\/2023\/01\/saint-mars-du-desert-edited-300x188.jpg 300w, https:\/\/www.ganuchaud.fr\/grenier\/wp-content\/uploads\/2023\/01\/saint-mars-du-desert-edited-768x480.jpg 768w\" sizes=\"auto, (max-width: 800px) 100vw, 800px\" \/><\/figure>\n\n\n\n<h3 class=\"wp-block-heading\">Les cousins de Saint-Mars<\/h3>\n\n\n\n<p>Une dynastie de maires au nord de Nantes<\/p>\n\n\n\n<div class=\"wp-block-button is-style-outline is-style-outline--5\"><a class=\"wp-block-button__link wp-element-button\" href=\"\/grenier\/saintmars\">Lire la suite<\/a><\/div>\n<\/div><\/div>\n<\/div>\n<\/div>\n","protected":false},"excerpt":{"rendered":"<p>En 1845, Pierre Ganuchaud ouvre la Premi\u00e8re Maison \u00e0 Nantes. Le magasin Ganuchaud De 1845 \u00e0 la crise des ann\u00e9es 1930 La Schola et le Quintette Les activit\u00e9s musicales de Georges Ganuchaud La carri\u00e8re politique de Georges Les aventures de Georges contre Paul (Bellamy) La famille de Pierre O\u00f9 l\u2019on \u00e9voque le Housseau et les [&hellip;]<\/p>\n","protected":false},"author":1,"featured_media":0,"parent":0,"menu_order":0,"comment_status":"closed","ping_status":"closed","template":"","meta":{"footnotes":""},"class_list":["post-6","page","type-page","status-publish","hentry"],"_links":{"self":[{"href":"https:\/\/www.ganuchaud.fr\/grenier\/wp-json\/wp\/v2\/pages\/6","targetHints":{"allow":["GET"]}}],"collection":[{"href":"https:\/\/www.ganuchaud.fr\/grenier\/wp-json\/wp\/v2\/pages"}],"about":[{"href":"https:\/\/www.ganuchaud.fr\/grenier\/wp-json\/wp\/v2\/types\/page"}],"author":[{"embeddable":true,"href":"https:\/\/www.ganuchaud.fr\/grenier\/wp-json\/wp\/v2\/users\/1"}],"replies":[{"embeddable":true,"href":"https:\/\/www.ganuchaud.fr\/grenier\/wp-json\/wp\/v2\/comments?post=6"}],"version-history":[{"count":18,"href":"https:\/\/www.ganuchaud.fr\/grenier\/wp-json\/wp\/v2\/pages\/6\/revisions"}],"predecessor-version":[{"id":156,"href":"https:\/\/www.ganuchaud.fr\/grenier\/wp-json\/wp\/v2\/pages\/6\/revisions\/156"}],"wp:attachment":[{"href":"https:\/\/www.ganuchaud.fr\/grenier\/wp-json\/wp\/v2\/media?parent=6"}],"curies":[{"name":"wp","href":"https:\/\/api.w.org\/{rel}","templated":true}]}}