{"id":7,"date":"2023-01-17T20:45:37","date_gmt":"2023-01-17T19:45:37","guid":{"rendered":"http:\/\/ganuchaud.fr\/grenier\/?page_id=7"},"modified":"2023-01-17T22:35:51","modified_gmt":"2023-01-17T21:35:51","slug":"a-propos-de","status":"publish","type":"page","link":"https:\/\/www.ganuchaud.fr\/grenier\/a-propos-de\/","title":{"rendered":"\u00c0 propos de"},"content":{"rendered":"\n<p>Ce site a pour but premier de faire mieux conna\u00eetre \u00e0 chacun de ses descendants la destin\u00e9e du magasin fond\u00e9 par Pierre Ganuchaud, qui a marqu\u00e9 Nantes jusqu\u2019en 1936. Il est donc essentiellement centr\u00e9 sur ce dernier ainsi que sur son fils Georges qui a largement d\u00e9velopp\u00e9 le commerce familial.<\/p>\n\n\n\n<p>Au del\u00e0 de ce sujet central, il a paru int\u00e9ressant de faire conna\u00eetre divers \u00e9l\u00e9ments de l\u2019histoire familiale qui rejoignent parfois l\u2019histoire de la France et du pays nantais, ou qui attisent simplement notre curiosit\u00e9.<\/p>\n","protected":false},"excerpt":{"rendered":"<p>Ce site a pour but premier de faire mieux conna\u00eetre \u00e0 chacun de ses descendants la destin\u00e9e du magasin fond\u00e9 par Pierre Ganuchaud, qui a marqu\u00e9 Nantes jusqu\u2019en 1936. Il est donc essentiellement centr\u00e9 sur ce dernier ainsi que sur son fils Georges qui a largement d\u00e9velopp\u00e9 le commerce familial. Au del\u00e0 de ce sujet [&hellip;]<\/p>\n","protected":false},"author":1,"featured_media":0,"parent":0,"menu_order":0,"comment_status":"closed","ping_status":"closed","template":"","meta":{"footnotes":""},"class_list":["post-7","page","type-page","status-publish","hentry"],"_links":{"self":[{"href":"https:\/\/www.ganuchaud.fr\/grenier\/wp-json\/wp\/v2\/pages\/7","targetHints":{"allow":["GET"]}}],"collection":[{"href":"https:\/\/www.ganuchaud.fr\/grenier\/wp-json\/wp\/v2\/pages"}],"about":[{"href":"https:\/\/www.ganuchaud.fr\/grenier\/wp-json\/wp\/v2\/types\/page"}],"author":[{"embeddable":true,"href":"https:\/\/www.ganuchaud.fr\/grenier\/wp-json\/wp\/v2\/users\/1"}],"replies":[{"embeddable":true,"href":"https:\/\/www.ganuchaud.fr\/grenier\/wp-json\/wp\/v2\/comments?post=7"}],"version-history":[{"count":3,"href":"https:\/\/www.ganuchaud.fr\/grenier\/wp-json\/wp\/v2\/pages\/7\/revisions"}],"predecessor-version":[{"id":48,"href":"https:\/\/www.ganuchaud.fr\/grenier\/wp-json\/wp\/v2\/pages\/7\/revisions\/48"}],"wp:attachment":[{"href":"https:\/\/www.ganuchaud.fr\/grenier\/wp-json\/wp\/v2\/media?parent=7"}],"curies":[{"name":"wp","href":"https:\/\/api.w.org\/{rel}","templated":true}]}}