{"id":8,"date":"2023-01-17T20:45:37","date_gmt":"2023-01-17T19:45:37","guid":{"rendered":"http:\/\/ganuchaud.fr\/grenier\/?page_id=8"},"modified":"2025-06-27T08:28:43","modified_gmt":"2025-06-27T06:28:43","slug":"contact","status":"publish","type":"page","link":"https:\/\/www.ganuchaud.fr\/grenier\/contact\/","title":{"rendered":"Contact"},"content":{"rendered":"\n<p>Une question sur le contenu du site ? Une erreur qui se serait gliss\u00e9e dans les souvenirs de famille ? Une information ou un document qui gagnerait \u00e0 \u00eatre ajout\u00e9 ?<\/p>\n\n\n\n<p>Ce site a \u00e9t\u00e9 mis en place par Fran\u00e7ois, de la <a href=\"\/grenier\/genealogie\">branche Ganuchaud<\/a>. Il est facilement joignable \u00e0 l\u2019adresse son-pr\u00e9nom-sans-c\u00e9dille.ganuchaud@gmail.com<\/p>\n\n\n\n<p><\/p>\n","protected":false},"excerpt":{"rendered":"<p>Une question sur le contenu du site ? Une erreur qui se serait gliss\u00e9e dans les souvenirs de famille ? Une information ou un document qui gagnerait \u00e0 \u00eatre ajout\u00e9 ? Ce site a \u00e9t\u00e9 mis en place par Fran\u00e7ois, de la branche Ganuchaud. Il est facilement joignable \u00e0 l\u2019adresse son-pr\u00e9nom-sans-c\u00e9dille.ganuchaud@gmail.com<\/p>\n","protected":false},"author":1,"featured_media":0,"parent":0,"menu_order":0,"comment_status":"closed","ping_status":"closed","template":"","meta":{"footnotes":""},"class_list":["post-8","page","type-page","status-publish","hentry"],"_links":{"self":[{"href":"https:\/\/www.ganuchaud.fr\/grenier\/wp-json\/wp\/v2\/pages\/8","targetHints":{"allow":["GET"]}}],"collection":[{"href":"https:\/\/www.ganuchaud.fr\/grenier\/wp-json\/wp\/v2\/pages"}],"about":[{"href":"https:\/\/www.ganuchaud.fr\/grenier\/wp-json\/wp\/v2\/types\/page"}],"author":[{"embeddable":true,"href":"https:\/\/www.ganuchaud.fr\/grenier\/wp-json\/wp\/v2\/users\/1"}],"replies":[{"embeddable":true,"href":"https:\/\/www.ganuchaud.fr\/grenier\/wp-json\/wp\/v2\/comments?post=8"}],"version-history":[{"count":6,"href":"https:\/\/www.ganuchaud.fr\/grenier\/wp-json\/wp\/v2\/pages\/8\/revisions"}],"predecessor-version":[{"id":311,"href":"https:\/\/www.ganuchaud.fr\/grenier\/wp-json\/wp\/v2\/pages\/8\/revisions\/311"}],"wp:attachment":[{"href":"https:\/\/www.ganuchaud.fr\/grenier\/wp-json\/wp\/v2\/media?parent=8"}],"curies":[{"name":"wp","href":"https:\/\/api.w.org\/{rel}","templated":true}]}}